{"id":7,"date":"2020-04-15T08:19:32","date_gmt":"2020-04-15T08:19:32","guid":{"rendered":"https:\/\/myvdn.de\/?page_id=7"},"modified":"2022-04-24T19:00:07","modified_gmt":"2022-04-24T19:00:07","slug":"ueber-uns","status":"publish","type":"page","link":"https:\/\/myvdn.de\/","title":{"rendered":"Verein digitale Normierung"},"content":{"rendered":"<p>[et_pb_section fb_built=&#8220;1&#8243; _builder_version=&#8220;4.4.3&#8243; min_height=&#8220;221px&#8220; custom_padding=&#8220;62px||0px|||&#8220;][et_pb_row _builder_version=&#8220;4.4.3&#8243; custom_padding=&#8220;4px|||||&#8220;][et_pb_column type=&#8220;4_4&#8243; _builder_version=&#8220;4.4.3&#8243;][et_pb_cta title=&#8220;Verein Digitale Normierung&#8220; button_text=&#8220;Klicks&#8220; _builder_version=&#8220;4.4.3&#8243; header_level=&#8220;h1&#8243; header_font=&#8220;|600|||||||&#8220; header_font_size=&#8220;32px&#8220; body_font=&#8220;|600|||||||&#8220; body_text_color=&#8220;#000000&#8243; body_font_size=&#8220;15px&#8220; background_image=&#8220;https:\/\/myvdn.de\/wp-content\/uploads\/2020\/04\/VDN_background.png&#8220; parallax=&#8220;on&#8220; parallax_method=&#8220;off&#8220; background_layout=&#8220;light&#8220; width=&#8220;100%&#8220; min_height=&#8220;319px&#8220; custom_padding=&#8220;64px||0px|||&#8220; scroll_fade_enable=&#8220;on&#8220; motion_trigger_start=&#8220;bottom&#8220; body_text_shadow_style=&#8220;preset3&#8243; body_text_shadow_color=&#8220;#ffffff&#8220; text_shadow_style=&#8220;preset3&#8243; text_shadow_color=&#8220;#ffffff&#8220;]<span style=\"color: #020202;\">Der Verein Digitale Normierung wurde 2018 gegr\u00fcndet<\/span><br \/>\n<span style=\"color: #020202;\"> um Entwicklungen im Bereich der digitalen Normierung und Standardisierung&nbsp;zu f\u00f6rdern.<\/span>[\/et_pb_cta][\/et_pb_column][\/et_pb_row][\/et_pb_section][et_pb_section fb_built=&#8220;1&#8243; admin_label=&#8220;section&#8220; _builder_version=&#8220;3.22&#8243; custom_padding=&#8220;0px|||||&#8220;][et_pb_row column_structure=&#8220;2_5,3_5&#8243; _builder_version=&#8220;4.4.3&#8243; custom_margin=&#8220;-9px|auto||auto||&#8220;][et_pb_column type=&#8220;2_5&#8243; _builder_version=&#8220;4.4.3&#8243;][et_pb_image src=&#8220;https:\/\/myvdn.de\/wp-content\/uploads\/2020\/04\/europa-scaled.jpeg&#8220; _builder_version=&#8220;4.4.3&#8243;][\/et_pb_image][\/et_pb_column][et_pb_column type=&#8220;3_5&#8243; _builder_version=&#8220;4.4.3&#8243;][et_pb_text _builder_version=&#8220;4.4.3&#8243;]<\/p>\n<h2>Digitalisierung f\u00fcr Europa und die Welt<\/h2>\n<p>Zusammen mit Partnern aus Wirtschaft, Wissenschaft und Politik entwickeln wir einen neuen Standard f\u00fcr die Digitalisierung. Damit wollen wir gemeinsam erreichen, dass Europa bei der Digitalisierung seine Spitzenpl\u00e4tze weiter ausbaut und die Technik in aller Welt Anwendung findet.\u00a0<\/p>\n<p>Dieser Standard wird den Anspr\u00fcchen aller Marktteilnehmer und Nutzer gerecht.<br \/>Er verbindet Produzenten mit H\u00e4ndlern, Logistik, Verbrauchern und den Endnutzern von Produkten.<\/p>\n<p>[\/et_pb_text][\/et_pb_column][\/et_pb_row][et_pb_row column_structure=&#8220;2_5,3_5&#8243; _builder_version=&#8220;4.4.3&#8243;][et_pb_column type=&#8220;2_5&#8243; _builder_version=&#8220;4.4.3&#8243;][et_pb_image src=&#8220;https:\/\/myvdn.de\/wp-content\/uploads\/2020\/04\/kompetenzen.jpg&#8220; _builder_version=&#8220;4.4.3&#8243;][\/et_pb_image][\/et_pb_column][et_pb_column type=&#8220;3_5&#8243; _builder_version=&#8220;4.4.3&#8243;][et_pb_text _builder_version=&#8220;4.4.3&#8243;]<\/p>\n<h2>Vorhandene Kompetenzen b\u00fcndeln<\/h2>\n<p>Es gibt viele Initiativen und Standards im Bereich Digitalisierung.<br \/>Wir wollen alle Kompetenzen durch einen neuen Standard b\u00fcndeln. Das erm\u00f6glicht es den Marktteilnehmern, einfach und zuverl\u00e4ssig auf eine gro\u00dfe Basis an Wissen und Informationen f\u00fcr eigene Projekte zuzugreifen.<\/p>\n<p>[\/et_pb_text][\/et_pb_column][\/et_pb_row][et_pb_row column_structure=&#8220;2_5,3_5&#8243; _builder_version=&#8220;4.4.3&#8243;][et_pb_column type=&#8220;2_5&#8243; _builder_version=&#8220;4.4.3&#8243;][et_pb_image src=&#8220;https:\/\/myvdn.de\/wp-content\/uploads\/2020\/04\/verbreiten.jpeg&#8220; _builder_version=&#8220;4.4.3&#8243;][\/et_pb_image][\/et_pb_column][et_pb_column type=&#8220;3_5&#8243; _builder_version=&#8220;4.4.3&#8243;][et_pb_text _builder_version=&#8220;4.4.3&#8243;]<\/p>\n<h2>Standards und Normen verbreiten<\/h2>\n<p>Normen und Standards helfen allen Marktteilnehmern, effizient zusammen zu arbeiten.<br \/>F\u00fcr den Mittelstand und StartUps ist es oft eine Herausforderung den \u00dcberblick \u00fcber die auf ihre Produkte zutreffenden Normen zu behalten.<\/p>\n<p>Normen zu kommunizieren und Zusammenfassungen sowie Leitf\u00e4den zu erstellen ist neben Implementierung unsere neuen \u00fcbergreifenden Standards eine unserer weiteren wichtigen Aufgaben.<\/p>\n<p>[\/et_pb_text][\/et_pb_column][\/et_pb_row][\/et_pb_section][et_pb_section fb_built=&#8220;1&#8243; fullwidth=&#8220;on&#8220; _builder_version=&#8220;4.9.2&#8243; _module_preset=&#8220;default&#8220;][et_pb_fullwidth_header title=&#8220;Zusammenarbeit und Mitgliedschaft&#8220; text_orientation=&#8220;center&#8220; button_one_text=&#8220;Kontakt aufnehmen&#8220; button_one_url=&#8220;mailto:info@myvdn.de&#8220; _builder_version=&#8220;4.9.2&#8243; _module_preset=&#8220;default&#8220; background_color=&#8220;#0C71C3&#8243; background_enable_image=&#8220;off&#8220; parallax=&#8220;on&#8220; custom_button_one=&#8220;on&#8220; button_one_text_color=&#8220;#FFFFFF&#8220; button_one_bg_color=&#8220;#0C71C3&#8243;]<\/p>\n<p>Wir freuen uns auf jede Anregung und Vorschl\u00e4ge f\u00fcr eine Zusammenarbeit.<\/p>\n<p>&nbsp;<\/p>\n<p>[\/et_pb_fullwidth_header][\/et_pb_section][et_pb_section fb_built=&#8220;1&#8243; _builder_version=&#8220;4.9.2&#8243; _module_preset=&#8220;default&#8220;][et_pb_row _builder_version=&#8220;4.9.2&#8243; _module_preset=&#8220;default&#8220;][et_pb_column type=&#8220;4_4&#8243; _builder_version=&#8220;4.9.2&#8243; _module_preset=&#8220;default&#8220;][et_pb_text _builder_version=&#8220;4.9.2&#8243; _module_preset=&#8220;default&#8220;]<\/p>\n<h1 style=\"text-align: center;\">Aktuelles Projekt:<\/h1>\n<p>[\/et_pb_text][\/et_pb_column][\/et_pb_row][et_pb_row _builder_version=&#8220;4.9.2&#8243; _module_preset=&#8220;default&#8220;][et_pb_column type=&#8220;4_4&#8243; _builder_version=&#8220;4.9.2&#8243; _module_preset=&#8220;default&#8220;][et_pb_blurb title=&#8220;Eineindeutige IDs f\u00fcr Digitale Zwillinge&#8220; image=&#8220;https:\/\/myvdn.de\/wp-content\/uploads\/2022\/04\/twinID_medium.png&#8220; _builder_version=&#8220;4.9.2&#8243; _module_preset=&#8220;default&#8220;]<\/p>\n<ul>\n<li style=\"text-align: left;\">Gute Lesbar\u200bkeit<\/li>\n<li>Langlebigkeit (100 Jahre +++)\u200b<\/li>\n<li>Sprech- und diktierbar\u200b<\/li>\n<li>F\u00fcr Geb\u00e4rdensprache\u200b und Blindenschrift\u200b nutzbar<\/li>\n<li>Unbegrenzte Verf\u00fcgbar\u200bkeit<\/li>\n<li>Unique-URL f\u00fcr jeden Digitalen Zwilling<\/li>\n<\/ul>\n<p>[\/et_pb_blurb][\/et_pb_column][\/et_pb_row][\/et_pb_section][et_pb_section fb_built=&#8220;1&#8243; fullwidth=&#8220;on&#8220; _builder_version=&#8220;4.9.2&#8243; _module_preset=&#8220;default&#8220;][et_pb_fullwidth_header title=&#8220;Vergabestelle f\u00fcr TwinIDs&#8220; text_orientation=&#8220;center&#8220; button_one_text=&#8220;Kontakt aufnehmen&#8220; button_one_url=&#8220;mailto:info@myvdn.de&#8220; _builder_version=&#8220;4.9.2&#8243; _module_preset=&#8220;default&#8220; background_color=&#8220;#0C71C3&#8243; background_enable_image=&#8220;off&#8220; custom_button_one=&#8220;on&#8220; button_one_text_color=&#8220;#FFFFFF&#8220; button_one_bg_color=&#8220;#0C71C3&#8243;]<\/p>\n<p style=\"text-align: center;\">Der VDN agiert als Vergabestelle der TwinIDs und stellt diese seinen Mitgliedern kostenfrei zur Verf\u00fcgung.<\/p>\n<p style=\"text-align: center;\">\u00a0Werden Sie Mitglied und profitieren Sie von den Vorteilen des neuen Standards.<\/p>\n<p>[\/et_pb_fullwidth_header][\/et_pb_section][et_pb_section fb_built=&#8220;1&#8243; _builder_version=&#8220;4.4.3&#8243;][et_pb_row _builder_version=&#8220;4.9.2&#8243; _module_preset=&#8220;default&#8220;][et_pb_column type=&#8220;4_4&#8243; _builder_version=&#8220;4.9.2&#8243; _module_preset=&#8220;default&#8220;][et_pb_text _builder_version=&#8220;4.9.2&#8243; _module_preset=&#8220;default&#8220;]<\/p>\n<h1 style=\"text-align: center;\">Vorstand<\/h1>\n<p>[\/et_pb_text][\/et_pb_column][\/et_pb_row][et_pb_row column_structure=&#8220;1_3,1_3,1_3&#8243; _builder_version=&#8220;4.9.2&#8243; _module_preset=&#8220;default&#8220;][et_pb_column type=&#8220;1_3&#8243; _builder_version=&#8220;4.9.2&#8243; _module_preset=&#8220;default&#8220;][et_pb_blurb title=&#8220;Vorstand Markus Bauer&#8220; image=&#8220;https:\/\/myvdn.de\/wp-content\/uploads\/2022\/04\/MarkusBauer.jpg&#8220; image_max_width=&#8220;55%&#8220; _builder_version=&#8220;4.9.2&#8243; _module_preset=&#8220;default&#8220; background_enable_image=&#8220;off&#8220; text_orientation=&#8220;center&#8220; border_color_all_image=&#8220;#FFFFFF&#8220;]<\/p>\n<p>mba@myvdn.de<\/p>\n<p>[\/et_pb_blurb][\/et_pb_column][et_pb_column type=&#8220;1_3&#8243; _builder_version=&#8220;4.9.2&#8243; _module_preset=&#8220;default&#8220;][et_pb_blurb title=&#8220;Vorstand Josef Postel&#8220; image=&#8220;https:\/\/myvdn.de\/wp-content\/uploads\/2020\/04\/josef-1.png&#8220; image_max_width=&#8220;75%&#8220; _builder_version=&#8220;4.9.2&#8243; _module_preset=&#8220;default&#8220; text_orientation=&#8220;center&#8220;]<\/p>\n<p style=\"text-align: center;\">jpo@myvdn.de<\/p>\n<p>[\/et_pb_blurb][\/et_pb_column][et_pb_column type=&#8220;1_3&#8243; _builder_version=&#8220;4.9.2&#8243; _module_preset=&#8220;default&#8220;][et_pb_blurb title=&#8220;Vorstand Andreas Neumair&#8220; image=&#8220;https:\/\/myvdn.de\/wp-content\/uploads\/2020\/04\/andi.png&#8220; image_max_width=&#8220;57%&#8220; _builder_version=&#8220;4.9.2&#8243; _module_preset=&#8220;default&#8220; text_orientation=&#8220;center&#8220;]<\/p>\n<p>ane@myvdn.de<\/p>\n<p>[\/et_pb_blurb][\/et_pb_column][\/et_pb_row][\/et_pb_section][et_pb_section fb_built=&#8220;1&#8243; _builder_version=&#8220;4.4.3&#8243; background_color=&#8220;#f4f4f4&#8243;][et_pb_row column_structure=&#8220;1_3,1_3,1_3&#8243; _builder_version=&#8220;4.4.3&#8243;][et_pb_column type=&#8220;1_3&#8243; _builder_version=&#8220;4.4.3&#8243;][et_pb_text _builder_version=&#8220;4.4.3&#8243;]<\/p>\n<h5>Unser Angebot<\/h5>\n<p><a href=\"https:\/\/myvdn.de\">Home<\/a><\/p>\n<p>&nbsp;[\/et_pb_text][\/et_pb_column][et_pb_column type=&#8220;1_3&#8243; _builder_version=&#8220;4.4.3&#8243;][et_pb_text _builder_version=&#8220;4.4.3&#8243;]<\/p>\n<h5>Nehmen Sie Kontakt auf<\/h5>\n<ul class=\"list-unstyled\">\n<li><a href=\"https:\/\/digitalenormierung.de\/contactus\">Kontaktieren Sie uns<\/a><\/li>\n<li><i class=\"fa fa-phone\"><\/i> <span>+49 8445 929594<\/span><\/li>\n<li><i class=\"fa fa-envelope\"><\/i> <span>info@myvdn.de<\/span><\/li>\n<\/ul>\n<p>[\/et_pb_text][\/et_pb_column][et_pb_column type=&#8220;1_3&#8243; _builder_version=&#8220;4.4.3&#8243;][et_pb_text _builder_version=&#8220;4.4.3&#8243;]<\/p>\n<h5><span>Verein Digitale Normierung<\/span> <small> &#8211; <span style=\"text-decoration: underline;\"><a href=\"https:\/\/digitalenormierung.de\/aboutus\" data-original-title=\"\" title=\"\" aria-describedby=\"tooltip239632\">\u00dcber uns<\/a><\/span><\/small><\/h5>\n<h5><span style=\"background-color: rgba(255, 255, 255, 0.75); font-size: 14px; text-align: center;\">Der Verein Digitale Normierung wurde 2018 gegr\u00fcndet&nbsp;um Entwicklungen im Bereich der digitalen Normierung und Standardisierung&nbsp;zu f\u00f6rdern.<\/span><\/h5>\n<p>[\/et_pb_text][\/et_pb_column][\/et_pb_row][\/et_pb_section]<\/p>\n","protected":false},"excerpt":{"rendered":"<p>Der Verein Digitale Normierung wurde 2018 gegr\u00fcndet um Entwicklungen im Bereich der digitalen Normierung und Standardisierung&nbsp;zu f\u00f6rdern.Digitalisierung f\u00fcr Europa und die Welt Zusammen mit Partnern aus Wirtschaft, Wissenschaft und Politik entwickeln wir einen neuen Standard f\u00fcr die Digitalisierung. Damit wollen wir gemeinsam erreichen, dass Europa bei der Digitalisierung seine Spitzenpl\u00e4tze weiter ausbaut und die Technik [&hellip;]<\/p>\n","protected":false},"author":1,"featured_media":0,"parent":0,"menu_order":0,"comment_status":"closed","ping_status":"closed","template":"","meta":{"_et_pb_use_builder":"on","_et_pb_old_content":"<!-- wp:paragraph {\"textColor\":\"primary\",\"fontSize\":\"larger\"} -->\n<p class=\"has-text-color has-larger-font-size has-primary-color\">Die Digitalisierungsplattform f\u00fcr Europa<\/p>\n<!-- \/wp:paragraph -->\n\n<!-- wp:paragraph -->\n<p>Zusammen mit Partnern aus Wirtschaft, Wissenschaft und Politik entwickeln wir eine neue Plattform als Standard f\u00fcr die Digitalisierung. Damit wollen wir gemeinsam erreichen, dass Deutschland und Europa bei der Digitalisierung seine Spitzenpl\u00e4tze weiter ausbaut.&nbsp;<\/p>\n<!-- \/wp:paragraph -->\n\n<!-- wp:paragraph -->\n<p>Dieser Standard wird den Anspr\u00fcchen aller Marktteilnehmer und Nutzer gerecht.<br>Er verbindet Produzenten mit H\u00e4ndlern, Logistik, Verbrauchern und den Endnutzern von Produkten.<\/p>\n<!-- \/wp:paragraph -->\n\n<!-- wp:paragraph -->\n<p><\/p>\n<!-- \/wp:paragraph -->\n\n<!-- wp:image {\"align\":\"left\",\"id\":39,\"width\":768,\"height\":502,\"sizeSlug\":\"large\"} -->\n<div class=\"wp-block-image\"><figure class=\"alignleft size-large is-resized\"><img src=\"https:\/\/myvdn.de\/wp-content\/uploads\/2020\/04\/mcLpPD36-2k-1024x669.jpeg\" alt=\"\" class=\"wp-image-39\" width=\"768\" height=\"502\"\/><\/figure><\/div>\n<!-- \/wp:image -->\n\n<!-- wp:group -->\n<div class=\"wp-block-group\"><div class=\"wp-block-group__inner-container\"><!-- wp:heading {\"align\":\"right\",\"level\":4} -->\n<h4 class=\"has-text-align-right\">Vorhandene Kompetenzen b\u00fcndeln<\/h4>\n<!-- \/wp:heading --><\/div><\/div>\n<!-- \/wp:group -->\n\n<!-- wp:paragraph {\"align\":\"right\"} -->\n<p class=\"has-text-align-right\">Es gibt viele Initiative und Standards im Bereich Digitalisierung.<br>Wir wollen alle Kompetenzen auf unserer Plattform durch einen neuen Standard b\u00fcndeln. Das erm\u00f6glicht es den Marktteilnehmern, einfach und zuverl\u00e4ssig auf eine gro\u00dfe Basis an Wissen und Informationen f\u00fcr eigene Projekte zuzugreifen.<\/p>\n<!-- \/wp:paragraph -->\n\n<!-- wp:table {\"hasFixedLayout\":true,\"align\":\"wide\"} -->\n<figure class=\"wp-block-table alignwide\"><table class=\"has-fixed-layout\"><tbody><tr><td class=\"has-text-align-left\" data-align=\"left\"><img class=\"wp-image-34\" style=\"width: 900px;\" src=\"https:\/\/myvdn.de\/wp-content\/uploads\/2020\/04\/Screenshot_20200415_112103.png\" alt=\"\"><\/td><td><strong>Die Digitalisierungsplattform f\u00fcr Europa<\/strong><br>Zusammen mit Partnern aus Wirtschaft, Wissenschaft und Politik entwickeln wir eine neue Plattform als Standard f\u00fcr die Digitalisierung. Damit wollen wir gemeinsam erreichen, dass Deutschland und Europa bei der Digitalisierung seine Spitzenpl\u00e4tze weiter ausbaut.\u00a0<br>Dieser Standard wird den Anspr\u00fcchen aller Marktteilnehmer und Nutzer gerecht.<br>Er verbindet Produzenten mit H\u00e4ndlern, Logistik, Verbrauchern und den Endnutzern von Produkten.<\/td><\/tr><\/tbody><\/table><\/figure>\n<!-- \/wp:table -->","_et_gb_content_width":"","footnotes":""},"class_list":["post-7","page","type-page","status-publish","hentry"],"_links":{"self":[{"href":"https:\/\/myvdn.de\/index.php?rest_route=\/wp\/v2\/pages\/7","targetHints":{"allow":["GET"]}}],"collection":[{"href":"https:\/\/myvdn.de\/index.php?rest_route=\/wp\/v2\/pages"}],"about":[{"href":"https:\/\/myvdn.de\/index.php?rest_route=\/wp\/v2\/types\/page"}],"author":[{"embeddable":true,"href":"https:\/\/myvdn.de\/index.php?rest_route=\/wp\/v2\/users\/1"}],"replies":[{"embeddable":true,"href":"https:\/\/myvdn.de\/index.php?rest_route=%2Fwp%2Fv2%2Fcomments&post=7"}],"version-history":[{"count":30,"href":"https:\/\/myvdn.de\/index.php?rest_route=\/wp\/v2\/pages\/7\/revisions"}],"predecessor-version":[{"id":188,"href":"https:\/\/myvdn.de\/index.php?rest_route=\/wp\/v2\/pages\/7\/revisions\/188"}],"wp:attachment":[{"href":"https:\/\/myvdn.de\/index.php?rest_route=%2Fwp%2Fv2%2Fmedia&parent=7"}],"curies":[{"name":"wp","href":"https:\/\/api.w.org\/{rel}","templated":true}]}}