{"id":142,"date":"2020-04-16T11:07:05","date_gmt":"2020-04-16T11:07:05","guid":{"rendered":"https:\/\/myvdn.de\/?page_id=142"},"modified":"2021-03-18T23:36:15","modified_gmt":"2021-03-18T23:36:15","slug":"datenschutz","status":"publish","type":"page","link":"https:\/\/myvdn.de\/?page_id=142","title":{"rendered":"Datenschutz"},"content":{"rendered":"<p>[et_pb_section fb_built=&#8220;1&#8243; _builder_version=&#8220;4.4.3&#8243; custom_padding=&#8220;7px|||||&#8220;][et_pb_row _builder_version=&#8220;4.4.3&#8243;][et_pb_column type=&#8220;4_4&#8243; _builder_version=&#8220;4.4.3&#8243;][et_pb_text _builder_version=&#8220;4.4.3&#8243;]<\/p>\n<p>&nbsp;<\/p>\n<p>&nbsp;<\/p>\n<p><main><\/p>\n<p>&nbsp;<\/p>\n<p>&nbsp;<\/p>\n<div id=\"wrap\" class=\"oe_structure oe_empty\">\n<section class=\"s_text_block pt32 pb32\">\n<div class=\"container\">\n<div class=\"row\">\n<div class=\"col-lg-10 offset-lg-1 pt32 pb32\">\n<h1 class=\"entry-title\" style=\"margin-right: 0px; margin-bottom: 0px; margin-left: 0px; font-family: 'Open Sans'; font-weight: 600; line-height: 1; color: rgba(0, 0, 0, 0.75); font-size: 26px; padding: 0px 0px 40px; border: 0px; font-variant-numeric: inherit; font-variant-east-asian: inherit; font-stretch: inherit; vertical-align: baseline; letter-spacing: 0.5px; text-transform: uppercase;\">DATENSCHUTZERKL\u00c4RUNG<\/h1>\n<div class=\"post-content entry-content\" style=\"margin: 0px 0px 40px; padding: 0px; border: 0px; font-variant-numeric: inherit; font-variant-east-asian: inherit; font-stretch: inherit; line-height: inherit; font-family: 'Open Sans', sans-serif; vertical-align: baseline; color: rgba(0, 0, 0, 0.5);\">\n<h1 style=\"margin-right: 0px; margin-bottom: 0px; margin-left: 0px; font-family: 'Open Sans'; font-weight: 600; line-height: 1; color: rgba(0, 0, 0, 0.75); font-size: 26px; padding: 0px 0px 40px; border: 0px; font-style: inherit; font-variant: inherit; font-stretch: inherit; vertical-align: baseline; letter-spacing: 0.5px; text-transform: uppercase;\">DATENSCHUTZERKL\u00c4RUNG NACH DSGVO<\/h1>\n<p style=\"margin-right: 0px; margin-bottom: 1.6em; margin-left: 0px; overflow-wrap: break-word; padding: 0px; border: 0px; font-style: inherit; font-variant: inherit; font-weight: inherit; font-stretch: inherit; font-size: inherit; line-height: 1.7em; font-family: inherit; vertical-align: baseline; word-break: break-word;\">Mit den folgenden Datenschutzhinweisen erl\u00e4utern wir,<\/p>\n<p style=\"margin-right: 0px; margin-bottom: 1.6em; margin-left: 0px; overflow-wrap: break-word; padding: 0px; border: 0px; font-style: inherit; font-variant: inherit; font-weight: inherit; font-stretch: inherit; font-size: inherit; line-height: 1.7em; font-family: inherit; vertical-align: baseline; word-break: break-word;\">Verein Digitale Normierung (i.G.), Winden 3, 85298 Scheyern<br \/>Vertreten durch die Vorstand: Andreas Neumair, Telefon: +49 8445 929594, info@myvdn.de<\/p>\n<p style=\"margin-right: 0px; margin-bottom: 1.6em; margin-left: 0px; overflow-wrap: break-word; padding: 0px; border: 0px; font-style: inherit; font-variant: inherit; font-weight: inherit; font-stretch: inherit; font-size: inherit; line-height: 1.7em; font-family: inherit; vertical-align: baseline; word-break: break-word;\">welche personenbezogenen Daten wir \u00fcber Sie erheben, wenn Sie die Webseiten:<br \/>https:\\\\myvdn.de<br \/>https:\\\\digitalenormierung.de<br \/>https:\\\\digitalenormierung.eu<br \/>https:\\\\digitalenormierung.com<\/p>\n<p style=\"margin-right: 0px; margin-bottom: 1.6em; margin-left: 0px; overflow-wrap: break-word; padding: 0px; border: 0px; font-style: inherit; font-variant: inherit; font-weight: inherit; font-stretch: inherit; font-size: inherit; line-height: 1.7em; font-family: inherit; vertical-align: baseline; word-break: break-word;\">besuchen.<\/p>\n<p style=\"margin-right: 0px; margin-bottom: 1.6em; margin-left: 0px; overflow-wrap: break-word; padding: 0px; border: 0px; font-style: inherit; font-variant: inherit; font-weight: inherit; font-stretch: inherit; font-size: inherit; line-height: 1.7em; font-family: inherit; vertical-align: baseline; word-break: break-word;\">Die Funktion des\u00a0Datenschutzbeauftragten wird durch den Vorstand wahrgenommen.<\/p>\n<h2 style=\"margin-right: 0px; margin-bottom: 0px; margin-left: 0px; font-family: 'Open Sans'; font-weight: bold; line-height: 1.3em; color: rgba(0, 0, 0, 0.75); font-size: 22px; padding: 0px 0px 10px; border: 0px; font-style: inherit; font-variant: inherit; font-stretch: inherit; vertical-align: baseline; letter-spacing: 0.5px; text-transform: uppercase;\">PROTOKOLLIERUNG<\/h2>\n<p style=\"margin-right: 0px; margin-bottom: 1.6em; margin-left: 0px; overflow-wrap: break-word; padding: 0px; border: 0px; font-style: inherit; font-variant: inherit; font-weight: inherit; font-stretch: inherit; font-size: inherit; line-height: 1.7em; font-family: inherit; vertical-align: baseline; word-break: break-word;\">Damit der Server Ihnen eine Seite ausliefern kann ist es notwendig, dass beide Systeme im sogenannten Anfrage-Antwort-Zyklus die IP-Adresse austauschen. Die dabei verwendete IP-Adresse wird nicht gespeichert.<\/p>\n<p style=\"margin-right: 0px; margin-bottom: 1.6em; margin-left: 0px; overflow-wrap: break-word; padding: 0px; border: 0px; font-style: inherit; font-variant: inherit; font-weight: inherit; font-stretch: inherit; font-size: inherit; line-height: 1.7em; font-family: inherit; vertical-align: baseline; word-break: break-word;\">Beim Abruf von Seiten \u00fcbermittelt Ihr Internetbrowser Daten an unseren Web-Server, die gespeichert werden. Es werden weder pers\u00f6nliche noch personenbeziehbare Daten, insbesondere wird keine IP-Adresse erhoben, gespeichert oder genutzt. Diese Daten dienen im St\u00f6rungsfall zur Fehlersuche und gegebenenfalls -behebung. Diese Daten werden von uns nicht routinem\u00e4\u00dfig ausgewertet.<\/p>\n<p style=\"margin-right: 0px; margin-bottom: 1.6em; margin-left: 0px; overflow-wrap: break-word; padding: 0px; border: 0px; font-style: inherit; font-variant: inherit; font-weight: inherit; font-stretch: inherit; font-size: inherit; line-height: 1.7em; font-family: inherit; vertical-align: baseline; word-break: break-word;\">Wenn Sie unsere Seiten aufrufen, \u00fcbermittelt Ihr Browser Daten an unseren Web-Server. Die folgenden Daten werden w\u00e4hrend einer laufenden Verbindung auf unserem Server aufgezeichnet:<\/p>\n<ul style=\"margin-right: 0px; margin-bottom: 0px; margin-left: 0px; list-style-position: initial; list-style-image: initial; padding: 0.7em 0px 0.3em 1.143em; border: 0px; font-style: inherit; font-variant: inherit; font-weight: inherit; font-stretch: inherit; font-size: inherit; line-height: 1.7em; font-family: inherit; vertical-align: baseline;\">\n<li style=\"margin: 0px 0px 0.7em; padding: 0px; border: 0px; font: inherit; vertical-align: baseline;\">Datum und Uhrzeit der Anforderung<\/li>\n<li style=\"margin: 0px 0px 0.7em; padding: 0px; border: 0px; font: inherit; vertical-align: baseline;\">Methode (get, head, post)<\/li>\n<li style=\"margin: 0px 0px 0.7em; padding: 0px; border: 0px; font: inherit; vertical-align: baseline;\">Zugriffsstatus (Datei \u00fcbertragen, Datei nicht gefunden, etc.)<\/li>\n<li style=\"margin: 0px 0px 0.7em; padding: 0px; border: 0px; font: inherit; vertical-align: baseline;\">Name der angeforderten Seite<\/li>\n<li style=\"margin: 0px 0px 0.7em; padding: 0px; border: 0px; font: inherit; vertical-align: baseline;\">Browserkennung (kann das verwendete Betriebssystem enthalten)<\/li>\n<\/ul>\n<p style=\"margin-right: 0px; margin-bottom: 1.6em; margin-left: 0px; overflow-wrap: break-word; padding: 0px; border: 0px; font-style: inherit; font-variant: inherit; font-weight: inherit; font-stretch: inherit; font-size: inherit; line-height: 1.7em; font-family: inherit; vertical-align: baseline; word-break: break-word;\">Die Daten werden in den Logfiles unseres Systems f\u00fcr sieben Tage gespeichert und danach automatisch \u00fcberschrieben. Eine Zusammenf\u00fchrung oder Abgleich dieser Daten mit anderen personenbezogenen Daten des Nutzers findet nicht statt. Eine Weitergabe an Dritte, auch in Ausz\u00fcgen, findet nicht statt.<\/p>\n<p style=\"margin-right: 0px; margin-bottom: 1.6em; margin-left: 0px; overflow-wrap: break-word; padding: 0px; border: 0px; font-style: inherit; font-variant: inherit; font-weight: inherit; font-stretch: inherit; font-size: inherit; line-height: 1.7em; font-family: inherit; vertical-align: baseline; word-break: break-word;\">Die Rechtsgrundlage f\u00fcr die vor\u00fcbergehende Speicherung der Daten und der Logfiles ist Art.\u00a06 Abs.\u00a01 lit.\u00a0f DSGVO. Die Speicherung in Logfiles erfolgt, um die Funktionsf\u00e4higkeit der Website sicherzustellen. In diesen Zwecken liegt auch unser berechtigtes Interesse an der Datenverarbeitung nach Art. 6 Abs. 1 lit. f DSGVO. Ein Abgleich mit anderen Datenbest\u00e4nden oder eine Weitergabe an Dritte, auch in Ausz\u00fcgen, findet nicht statt.<\/p>\n<p style=\"margin-right: 0px; margin-bottom: 1.6em; margin-left: 0px; overflow-wrap: break-word; padding: 0px; border: 0px; font-style: inherit; font-variant: inherit; font-weight: inherit; font-stretch: inherit; font-size: inherit; line-height: 1.7em; font-family: inherit; vertical-align: baseline; word-break: break-word;\">Die Erfassung der Daten zur Bereitstellung der Website und die Speicherung der Daten in Logfiles ist f\u00fcr den Betrieb der Internetseite erforderlich. Es besteht folglich seitens des Nutzers keine Widerspruchsm\u00f6glichkeit.<\/p>\n<h2 style=\"margin-right: 0px; margin-bottom: 0px; margin-left: 0px; font-family: 'Open Sans'; font-weight: bold; line-height: 1.3em; color: rgba(0, 0, 0, 0.75); font-size: 22px; padding: 0px 0px 10px; border: 0px; font-style: inherit; font-variant: inherit; font-stretch: inherit; vertical-align: baseline; letter-spacing: 0.5px; text-transform: uppercase;\">E-MAIL-KONTAKT<\/h2>\n<p style=\"margin-right: 0px; margin-bottom: 1.6em; margin-left: 0px; overflow-wrap: break-word; padding: 0px; border: 0px; font-style: inherit; font-variant: inherit; font-weight: inherit; font-stretch: inherit; font-size: inherit; line-height: 1.7em; font-family: inherit; vertical-align: baseline; word-break: break-word;\">F\u00fcr die Kontaktaufnahme bieten wir eine E-Mail-Adresse an. Wenn Sie diese nutzen werden die mit der E-Mail \u00fcbermittelten personenbezogenen Daten des Nutzers gespeichert. Es verfolgt in diesem Zusammenhang keine Weitergabe der Daten an Dritte. Die Daten werden ausschlie\u00dflich f\u00fcr die Verarbeitung der Konversation verwendet.<\/p>\n<p style=\"margin-right: 0px; margin-bottom: 1.6em; margin-left: 0px; overflow-wrap: break-word; padding: 0px; border: 0px; font-style: inherit; font-variant: inherit; font-weight: inherit; font-stretch: inherit; font-size: inherit; line-height: 1.7em; font-family: inherit; vertical-align: baseline; word-break: break-word;\">Rechtsgrundlage: Art.\u00a06 Abs.\u00a01 lit.\u00a0f DSGVO. Das erforderliche berechtigte Interesse an der Verarbeitung der Daten liegt in der Kontaktaufnahme begr\u00fcndet.<\/p>\n<p style=\"margin-right: 0px; margin-bottom: 1.6em; margin-left: 0px; overflow-wrap: break-word; padding: 0px; border: 0px; font-style: inherit; font-variant: inherit; font-weight: inherit; font-stretch: inherit; font-size: inherit; line-height: 1.7em; font-family: inherit; vertical-align: baseline; word-break: break-word;\">Dauer der Speicherung: Die Daten werden gel\u00f6scht, sobald sie f\u00fcr die Erreichung des Zweckes ihrer Erhebung nicht mehr erforderlich sind. Beendet ist die Konversation dann, wenn sich aus den Umst\u00e4nden entnehmen l\u00e4sst, dass der betroffene Sachverhalt abschlie\u00dfend gekl\u00e4rt ist.<\/p>\n<h2 style=\"margin-right: 0px; margin-bottom: 0px; margin-left: 0px; font-family: 'Open Sans'; font-weight: bold; line-height: 1.3em; color: rgba(0, 0, 0, 0.75); font-size: 22px; padding: 0px 0px 10px; border: 0px; font-style: inherit; font-variant: inherit; font-stretch: inherit; vertical-align: baseline; letter-spacing: 0.5px; text-transform: uppercase;\">AUSWERTUNG DES NUTZERVERHALTENS<\/h2>\n<h3 style=\"margin-right: 0px; margin-bottom: 0px; margin-left: 0px; font-family: 'Open Sans'; font-weight: bold; line-height: 1.3em; color: rgba(0, 0, 0, 0.75); font-size: 20px; padding: 0px 0px 10px; border: 0px; font-style: inherit; font-variant: inherit; font-stretch: inherit; vertical-align: baseline; letter-spacing: 0.5px; text-transform: uppercase;\">GOOGLE ANALYTICS<\/h3>\n<p style=\"margin-right: 0px; margin-bottom: 1.6em; margin-left: 0px; overflow-wrap: break-word; padding: 0px; border: 0px; font-style: inherit; font-variant: inherit; font-weight: inherit; font-stretch: inherit; font-size: inherit; line-height: 1.7em; font-family: inherit; vertical-align: baseline; word-break: break-word;\">Wir setzen auf Grundlage unserer berechtigten Interessen (d.h. Interesse an der Analyse, Optimierung und wirtschaftlichem Betrieb unseres Onlineangebotes im Sinne des Art. 6 Abs. 1 lit. f. DSGVO) Google Analytics, einen Webanalysedienst der Google LLC (\u201eGoogle\u201c) ein. Google verwendet Cookies. Die durch das Cookie erzeugten Informationen \u00fcber Benutzung des Onlineangebotes durch die Nutzer werden in der Regel an einen Server von Google in den USA \u00fcbertragen und dort gespeichert.<\/p>\n<p style=\"margin-right: 0px; margin-bottom: 1.6em; margin-left: 0px; overflow-wrap: break-word; padding: 0px; border: 0px; font-style: inherit; font-variant: inherit; font-weight: inherit; font-stretch: inherit; font-size: inherit; line-height: 1.7em; font-family: inherit; vertical-align: baseline; word-break: break-word;\">Google ist unter dem Privacy-Shield-Abkommen zertifiziert und bietet hierdurch eine Garantie, das europ\u00e4ische Datenschutzrecht einzuhalten (<a href=\"https:\/\/www.privacyshield.gov\/participant?id=a2zt000000001L5AAI&amp;status=Active\" target=\"_blank\" rel=\"noopener noreferrer\" style=\"color: inherit; overflow-wrap: break-word; margin: 0px; padding: 0px; border: 0px; font: inherit; vertical-align: baseline; word-break: break-word;\">https:\/\/www.privacyshield.gov\/participant?id=a2zt000000001L5AAI&amp;status=Active<\/a>).<\/p>\n<p style=\"margin-right: 0px; margin-bottom: 1.6em; margin-left: 0px; overflow-wrap: break-word; padding: 0px; border: 0px; font-style: inherit; font-variant: inherit; font-weight: inherit; font-stretch: inherit; font-size: inherit; line-height: 1.7em; font-family: inherit; vertical-align: baseline; word-break: break-word;\">Google wird diese Informationen in unserem Auftrag benutzen, um die Nutzung unseres Onlineangebotes durch die Nutzer auszuwerten, um Reports \u00fcber die Aktivit\u00e4ten innerhalb dieses Onlineangebotes zusammenzustellen und um weitere, mit der Nutzung dieses Onlineangebotes und der Internetnutzung verbundene Dienstleistungen, uns gegen\u00fcber zu erbringen. Dabei k\u00f6nnen aus den verarbeiteten Daten pseudonyme Nutzungsprofile der Nutzer erstellt werden.<\/p>\n<p style=\"margin-right: 0px; margin-bottom: 1.6em; margin-left: 0px; overflow-wrap: break-word; padding: 0px; border: 0px; font-style: inherit; font-variant: inherit; font-weight: inherit; font-stretch: inherit; font-size: inherit; line-height: 1.7em; font-family: inherit; vertical-align: baseline; word-break: break-word;\">Wir setzen Google Analytics nur mit aktivierter IP-Anonymisierung ein. Das bedeutet, die IP-Adresse der Nutzer wird von Google innerhalb von Mitgliedstaaten der Europ\u00e4ischen Union oder in anderen Vertragsstaaten des Abkommens \u00fcber den Europ\u00e4ischen Wirtschaftsraum gek\u00fcrzt. Nur in Ausnahmef\u00e4llen wird die volle IP-Adresse an einen Server von Google in den USA \u00fcbertragen und dort gek\u00fcrzt.<\/p>\n<p style=\"margin-right: 0px; margin-bottom: 1.6em; margin-left: 0px; overflow-wrap: break-word; padding: 0px; border: 0px; font-style: inherit; font-variant: inherit; font-weight: inherit; font-stretch: inherit; font-size: inherit; line-height: 1.7em; font-family: inherit; vertical-align: baseline; word-break: break-word;\">Die von dem Browser des Nutzers \u00fcbermittelte IP-Adresse wird nicht mit anderen Daten von Google zusammengef\u00fchrt. Die Nutzer k\u00f6nnen die Speicherung der Cookies durch eine entsprechende Einstellung ihrer Browser-Software verhindern; die Nutzer k\u00f6nnen dar\u00fcber hinaus die Erfassung der durch das Cookie erzeugten und auf ihre Nutzung des Onlineangebotes bezogenen Daten an Google sowie die Verarbeitung dieser Daten durch Google verhindern, indem sie das unter folgendem Link verf\u00fcgbare Browser-Plugin herunterladen und installieren:\u00a0<a href=\"http:\/\/tools.google.com\/dlpage\/gaoptout?hl=de\" target=\"_blank\" rel=\"noopener noreferrer\" style=\"color: inherit; overflow-wrap: break-word; margin: 0px; padding: 0px; border: 0px; font: inherit; vertical-align: baseline; word-break: break-word;\">http:\/\/tools.google.com\/dlpage\/gaoptout?hl=de<\/a>.<\/p>\n<p style=\"margin-right: 0px; margin-bottom: 1.6em; margin-left: 0px; overflow-wrap: break-word; padding: 0px; border: 0px; font-style: inherit; font-variant: inherit; font-weight: inherit; font-stretch: inherit; font-size: inherit; line-height: 1.7em; font-family: inherit; vertical-align: baseline; word-break: break-word;\">Weitere Informationen zur Datennutzung durch Google, Einstellungs- und Widerspruchsm\u00f6glichkeiten, erfahren Sie in der Datenschutzerkl\u00e4rung von Google (<a href=\"https:\/\/policies.google.com\/technologies\/ads\" target=\"_blank\" rel=\"noopener noreferrer\" style=\"color: inherit; overflow-wrap: break-word; margin: 0px; padding: 0px; border: 0px; font: inherit; vertical-align: baseline; word-break: break-word;\">https:\/\/policies.google.com\/technologies\/ads<\/a>) sowie in den Einstellungen f\u00fcr die Darstellung von Werbeeinblendungen durch Google\u00a0<a href=\"https:\/\/adssettings.google.com\/authenticated\" target=\"_blank\" rel=\"noopener noreferrer\" style=\"color: inherit; overflow-wrap: break-word; margin: 0px; padding: 0px; border: 0px; font: inherit; vertical-align: baseline; word-break: break-word;\">(https:\/\/adssettings.google.com\/authenticated<\/a>).<\/p>\n<p style=\"margin-right: 0px; margin-bottom: 1.6em; margin-left: 0px; overflow-wrap: break-word; padding: 0px; border: 0px; font-style: inherit; font-variant: inherit; font-weight: inherit; font-stretch: inherit; font-size: inherit; line-height: 1.7em; font-family: inherit; vertical-align: baseline; word-break: break-word;\">Die personenbezogenen Daten der Nutzer werden nach 14 Monaten gel\u00f6scht oder anonymisiert.<\/p>\n<p style=\"margin-right: 0px; margin-bottom: 1.6em; margin-left: 0px; overflow-wrap: break-word; padding: 0px; border: 0px; font-style: inherit; font-variant: inherit; font-weight: inherit; font-stretch: inherit; font-size: inherit; line-height: 1.7em; font-family: inherit; vertical-align: baseline; word-break: break-word;\"><a href=\"https:\/\/datenschutz-generator.de\/\" target=\"_blank\" rel=\"nofollow noopener noreferrer\" style=\"color: inherit; overflow-wrap: break-word; margin: 0px; padding: 0px; border: 0px; font: inherit; vertical-align: baseline; word-break: break-word;\">Erstellt mit Datenschutz-Generator.de von RA Dr Thomas Schwenke<\/a><\/p>\n<h2 style=\"margin-right: 0px; margin-bottom: 0px; margin-left: 0px; font-family: 'Open Sans'; font-weight: bold; line-height: 1.3em; color: rgba(0, 0, 0, 0.75); font-size: 22px; padding: 0px 0px 10px; border: 0px; font-style: inherit; font-variant: inherit; font-stretch: inherit; vertical-align: baseline; letter-spacing: 0.5px; text-transform: uppercase;\">AKTIVE KOMPONENTEN<\/h2>\n<p style=\"margin-right: 0px; margin-bottom: 1.6em; margin-left: 0px; overflow-wrap: break-word; padding: 0px; border: 0px; font-style: inherit; font-variant: inherit; font-weight: inherit; font-stretch: inherit; font-size: inherit; line-height: 1.7em; font-family: inherit; vertical-align: baseline; word-break: break-word;\">Wir verwenden JavaScript f\u00fcr Komfortmerkmale und optische Effekte. Wenn Sie JavaScript in Ihrem Browser abschalten, k\u00f6nnen m\u00f6glicherweise optische Effekte nicht mehr angezeigt und die Anpassung an unterschiedliche Bildschirmgr\u00f6\u00dfen nicht mehr vorgenommen werden.<\/p>\n<p style=\"margin-right: 0px; margin-bottom: 1.6em; margin-left: 0px; overflow-wrap: break-word; padding: 0px; border: 0px; font-style: inherit; font-variant: inherit; font-weight: inherit; font-stretch: inherit; font-size: inherit; line-height: 1.7em; font-family: inherit; vertical-align: baseline; word-break: break-word;\">Wir verwenden keine Java-Applets und keine Active-X-Controls.<\/p>\n<h2 style=\"margin-right: 0px; margin-bottom: 0px; margin-left: 0px; font-family: 'Open Sans'; font-weight: bold; line-height: 1.3em; color: rgba(0, 0, 0, 0.75); font-size: 22px; padding: 0px 0px 10px; border: 0px; font-style: inherit; font-variant: inherit; font-stretch: inherit; vertical-align: baseline; letter-spacing: 0.5px; text-transform: uppercase;\">RECHTE DER BETROFFENEN PERSON<\/h2>\n<p style=\"margin-right: 0px; margin-bottom: 1.6em; margin-left: 0px; overflow-wrap: break-word; padding: 0px; border: 0px; font-style: inherit; font-variant: inherit; font-weight: inherit; font-stretch: inherit; font-size: inherit; line-height: 1.7em; font-family: inherit; vertical-align: baseline; word-break: break-word;\">Werden personenbezogene Daten von Ihnen verarbeitet, sind Sie Betroffener i.S.d. DSGVO und es stehen Ihnen folgende Rechte gegen\u00fcber dem Verantwortlichen zu: Recht auf Auskunft, Recht auf Berichtigung, Recht auf L\u00f6schung, Recht auf Einschr\u00e4nkung der Verarbeitung, Recht auf Daten\u00fcbertragbarkeit.<\/p>\n<p style=\"margin-right: 0px; margin-bottom: 1.6em; margin-left: 0px; overflow-wrap: break-word; padding: 0px; border: 0px; font-style: inherit; font-variant: inherit; font-weight: inherit; font-stretch: inherit; font-size: inherit; line-height: 1.7em; font-family: inherit; vertical-align: baseline; word-break: break-word;\"><span style=\"font-family: inherit; font-size: inherit; font-style: inherit; font-variant-ligatures: inherit; font-variant-caps: inherit; font-weight: inherit;\">Au\u00dferdem steht Ihnen nach Art. 21 Abs 1 DSGVO ein Widerspruchsrecht gegen die Verarbeitungen zu, die auf Art. 6 Abs 1 Zif f DSGVO beruhen, sowie gegen die Verarbeitung zum Zwecke von Direktwerbung.<\/span><\/p>\n<h3 style=\"margin-right: 0px; margin-bottom: 0px; margin-left: 0px; font-family: 'Open Sans'; font-weight: bold; line-height: 1.3em; color: rgba(0, 0, 0, 0.75); font-size: 20px; padding: 0px 0px 10px; border: 0px; font-style: inherit; font-variant: inherit; font-stretch: inherit; vertical-align: baseline; letter-spacing: 0.5px; text-transform: uppercase;\">BESCHWERDERECHT<\/h3>\n<p style=\"margin-right: 0px; margin-bottom: 1.6em; margin-left: 0px; overflow-wrap: break-word; padding: 0px; border: 0px; font-style: inherit; font-variant: inherit; font-weight: inherit; font-stretch: inherit; font-size: inherit; line-height: 1.7em; font-family: inherit; vertical-align: baseline; word-break: break-word;\">Sie haben gem\u00e4\u00df Art. 77 DSGVO das Recht, sich bei einer Aufsichtsbeh\u00f6rde zu beschweren, wenn Sie der Ansicht sind, dass die Verarbeitung Ihrer personenbezogenen Daten nicht rechtm\u00e4\u00dfig erfolgt.<\/p>\n<p style=\"margin-right: 0px; margin-bottom: 1.6em; margin-left: 0px; overflow-wrap: break-word; padding: 0px; border: 0px; font-style: inherit; font-variant: inherit; font-weight: inherit; font-stretch: inherit; font-size: inherit; line-height: 1.7em; font-family: inherit; vertical-align: baseline; word-break: break-word;\">Die f\u00fcr uns zust\u00e4ndige Aufsichtsbeh\u00f6rde erreichen Sie unter\u00a0<a href=\"https:\/\/www.lda.bayern.de\/\" style=\"color: inherit; overflow-wrap: break-word; margin: 0px; padding: 0px; border: 0px; font: inherit; vertical-align: baseline; word-break: break-word;\">lda.bayern.de<\/a>..<\/p>\n<h2 style=\"margin-right: 0px; margin-bottom: 0px; margin-left: 0px; font-family: 'Open Sans'; font-weight: bold; line-height: 1.3em; color: rgba(0, 0, 0, 0.75); font-size: 22px; padding: 0px 0px 10px; border: 0px; font-style: inherit; font-variant: inherit; font-stretch: inherit; vertical-align: baseline; letter-spacing: 0.5px; text-transform: uppercase;\">TECHNISCHE UMSETZUNG<\/h2>\n<p style=\"margin-right: 0px; margin-bottom: 1.6em; margin-left: 0px; overflow-wrap: break-word; padding: 0px; border: 0px; font-style: inherit; font-variant: inherit; font-weight: inherit; font-stretch: inherit; font-size: inherit; line-height: 1.7em; font-family: inherit; vertical-align: baseline; word-break: break-word;\">Unser Web-Angebot wird auf einem Server in Deutschland betrieben.<\/p>\n<h2 style=\"margin-right: 0px; margin-bottom: 0px; margin-left: 0px; font-family: 'Open Sans'; font-weight: bold; line-height: 1.3em; color: rgba(0, 0, 0, 0.75); font-size: 22px; padding: 0px 0px 10px; border: 0px; font-style: inherit; font-variant: inherit; font-stretch: inherit; vertical-align: baseline; letter-spacing: 0.5px; text-transform: uppercase;\">STAND<\/h2>\n<p style=\"margin-right: 0px; margin-bottom: 0px; margin-left: 0px; overflow-wrap: break-word; padding: 0px; border: 0px; font-style: inherit; font-variant: inherit; font-weight: inherit; font-stretch: inherit; font-size: inherit; line-height: 1.7em; font-family: inherit; vertical-align: baseline; word-break: break-word;\">Letzte Aktualisierung am 01.03.2021<\/p>\n<\/div>\n<\/div>\n<\/div>\n<\/div>\n<\/section>\n<\/div>\n<p>&nbsp;<\/p>\n<p>&nbsp;<\/p>\n<p><\/main><\/p>\n<p>&nbsp;<\/p>\n<p>&nbsp;<\/p>\n<p>[\/et_pb_text][\/et_pb_column][\/et_pb_row][\/et_pb_section]<\/p>\n","protected":false},"excerpt":{"rendered":"<p>&nbsp; &nbsp; &nbsp; &nbsp; DATENSCHUTZERKL\u00c4RUNG DATENSCHUTZERKL\u00c4RUNG NACH DSGVO Mit den folgenden Datenschutzhinweisen erl\u00e4utern wir, Verein Digitale Normierung (i.G.), Winden 3, 85298 ScheyernVertreten durch die Vorstand: Andreas Neumair, Telefon: +49 8445 929594, info@myvdn.de welche personenbezogenen Daten wir \u00fcber Sie erheben, wenn Sie die Webseiten:https:\\\\myvdn.dehttps:\\\\digitalenormierung.dehttps:\\\\digitalenormierung.euhttps:\\\\digitalenormierung.com besuchen. Die Funktion des\u00a0Datenschutzbeauftragten wird durch den Vorstand wahrgenommen. PROTOKOLLIERUNG Damit der [&hellip;]<\/p>\n","protected":false},"author":1,"featured_media":0,"parent":0,"menu_order":0,"comment_status":"closed","ping_status":"closed","template":"","meta":{"_et_pb_use_builder":"on","_et_pb_old_content":"","_et_gb_content_width":"","footnotes":""},"class_list":["post-142","page","type-page","status-publish","hentry"],"_links":{"self":[{"href":"https:\/\/myvdn.de\/index.php?rest_route=\/wp\/v2\/pages\/142","targetHints":{"allow":["GET"]}}],"collection":[{"href":"https:\/\/myvdn.de\/index.php?rest_route=\/wp\/v2\/pages"}],"about":[{"href":"https:\/\/myvdn.de\/index.php?rest_route=\/wp\/v2\/types\/page"}],"author":[{"embeddable":true,"href":"https:\/\/myvdn.de\/index.php?rest_route=\/wp\/v2\/users\/1"}],"replies":[{"embeddable":true,"href":"https:\/\/myvdn.de\/index.php?rest_route=%2Fwp%2Fv2%2Fcomments&post=142"}],"version-history":[{"count":3,"href":"https:\/\/myvdn.de\/index.php?rest_route=\/wp\/v2\/pages\/142\/revisions"}],"predecessor-version":[{"id":171,"href":"https:\/\/myvdn.de\/index.php?rest_route=\/wp\/v2\/pages\/142\/revisions\/171"}],"wp:attachment":[{"href":"https:\/\/myvdn.de\/index.php?rest_route=%2Fwp%2Fv2%2Fmedia&parent=142"}],"curies":[{"name":"wp","href":"https:\/\/api.w.org\/{rel}","templated":true}]}}