{"id":136,"date":"2020-04-16T11:04:38","date_gmt":"2020-04-16T11:04:38","guid":{"rendered":"https:\/\/myvdn.de\/?page_id=136"},"modified":"2022-11-24T11:18:11","modified_gmt":"2022-11-24T11:18:11","slug":"impressum","status":"publish","type":"page","link":"https:\/\/myvdn.de\/?page_id=136","title":{"rendered":"Impressum"},"content":{"rendered":"<p>[et_pb_section fb_built=&#8220;1&#8243; _builder_version=&#8220;4.16&#8243; custom_padding=&#8220;5px|||||&#8220; global_colors_info=&#8220;{}&#8220;][et_pb_row _builder_version=&#8220;4.16&#8243; global_colors_info=&#8220;{}&#8220;][et_pb_column type=&#8220;4_4&#8243; _builder_version=&#8220;4.16&#8243; global_colors_info=&#8220;{}&#8220;][et_pb_text _builder_version=&#8220;4.16&#8243; global_colors_info=&#8220;{}&#8220;]<\/p>\n<p>&nbsp;<\/p>\n<p>&nbsp;<\/p>\n<p>&nbsp;<\/p>\n<p>&nbsp;<\/p>\n<p><main><\/p>\n<p>&nbsp;<\/p>\n<p>&nbsp;<\/p>\n<p>&nbsp;<\/p>\n<div id=\"wrap\" class=\"oe_structure oe_empty\">\n<section class=\"s_text_block pt32 pb32\">\n<div class=\"container\">\n<div class=\"row\">\n<div class=\"col-lg-10 offset-lg-1 pt32 pb32\">\n<h1 style=\"margin-right: 0px; margin-bottom: 0px; margin-left: 0px; font-family: 'Open Sans'; font-weight: 600; line-height: 1; color: rgba(0, 0, 0, 0.75); font-size: 26px; padding: 0px 0px 40px; border: 0px; font-variant-numeric: inherit; font-variant-east-asian: inherit; font-stretch: inherit; vertical-align: baseline; letter-spacing: 0.5px; text-transform: uppercase;\">ANGABEN GEM\u00c4SS \u00a7 5 TMG<\/h1>\n<p style=\"margin-right: 0px; margin-bottom: 1.6em; margin-left: 0px; overflow-wrap: break-word; padding: 0px; border: 0px; font-variant-numeric: inherit; font-variant-east-asian: inherit; font-stretch: inherit; line-height: 1.7em; font-family: 'Open Sans', sans-serif; vertical-align: baseline; word-break: break-word; color: rgba(0, 0, 0, 0.5);\">Verein Digitale Normierung e.V.<br \/>Winden 3<br \/>85298 Scheyern<\/p>\n<h2 style=\"margin-right: 0px; margin-bottom: 0px; margin-left: 0px; font-family: 'Open Sans'; font-weight: bold; line-height: 1.3em; color: rgba(0, 0, 0, 0.75); font-size: 22px; padding: 0px 0px 10px; border: 0px; font-variant-numeric: inherit; font-variant-east-asian: inherit; font-stretch: inherit; vertical-align: baseline; letter-spacing: 0.5px; text-transform: uppercase;\">VERTRETEN DURCH:<\/h2>\n<p style=\"margin-right: 0px; margin-bottom: 1.6em; margin-left: 0px; overflow-wrap: break-word; padding: 0px; border: 0px; font-variant-numeric: inherit; font-variant-east-asian: inherit; font-stretch: inherit; line-height: 1.7em; font-family: 'Open Sans', sans-serif; vertical-align: baseline; word-break: break-word; color: rgba(0, 0, 0, 0.5);\">Vorstand: Andreas Neumair<\/p>\n<h2 style=\"margin-right: 0px; margin-bottom: 0px; margin-left: 0px; font-family: 'Open Sans'; font-weight: bold; line-height: 1.3em; color: rgba(0, 0, 0, 0.75); font-size: 22px; padding: 0px 0px 10px; border: 0px; font-variant-numeric: inherit; font-variant-east-asian: inherit; font-stretch: inherit; vertical-align: baseline; letter-spacing: 0.5px; text-transform: uppercase;\">KONTAKT:<\/h2>\n<p><span style=\"color: #9c9c94; letter-spacing: 0.5px; text-transform: uppercase;\">Telefon:<span style=\"white-space: pre;\"><\/span>+49 8445 929594<br \/><\/span><span style=\"color: #9c9c94; letter-spacing: 0.5px; text-transform: uppercase;\">E-Mail:\u00a0<span style=\"white-space: pre;\"><\/span>info@myvdn.de<\/span><\/p>\n<h2 style=\"margin-right: 0px; margin-bottom: 0px; margin-left: 0px; font-family: 'Open Sans'; font-weight: bold; line-height: 1.3em; color: rgba(0, 0, 0, 0.75); font-size: 22px; padding: 0px 0px 10px; border: 0px; font-variant-numeric: inherit; font-variant-east-asian: inherit; font-stretch: inherit; vertical-align: baseline; letter-spacing: 0.5px; text-transform: uppercase;\">REGISTEREINTRAG:<\/h2>\n<p style=\"margin-right: 0px; margin-bottom: 1.6em; margin-left: 0px; overflow-wrap: break-word; padding: 0px; border: 0px; font-variant-numeric: inherit; font-variant-east-asian: inherit; font-stretch: inherit; line-height: 1.7em; font-family: 'Open Sans', sans-serif; vertical-align: baseline; word-break: break-word; color: rgba(0, 0, 0, 0.5);\">Vereinsregister des Amtsgerichts Ingolstadt <br \/>Vereinsnummer: VR 201121<\/p>\n<h2 style=\"margin-right: 0px; margin-bottom: 0px; margin-left: 0px; font-family: 'Open Sans'; font-weight: bold; line-height: 1.3em; color: rgba(0, 0, 0, 0.75); font-size: 22px; padding: 0px 0px 10px; border: 0px; font-variant-numeric: inherit; font-variant-east-asian: inherit; font-stretch: inherit; vertical-align: baseline; letter-spacing: 0.5px; text-transform: uppercase;\">VERANTWORTLICH F\u00dcR DEN INHALT NACH \u00a7 55 ABS. 2 RSTV:<\/h2>\n<p style=\"margin-right: 0px; margin-bottom: 1.6em; margin-left: 0px; overflow-wrap: break-word; padding: 0px; border: 0px; font-variant-numeric: inherit; font-variant-east-asian: inherit; font-stretch: inherit; line-height: 1.7em; font-family: 'Open Sans', sans-serif; vertical-align: baseline; word-break: break-word; color: rgba(0, 0, 0, 0.5);\">Andreas Neumair<br \/>Winden 3<br \/>85298 Scheyern<\/p>\n<h2 style=\"margin-right: 0px; margin-bottom: 0px; margin-left: 0px; font-family: 'Open Sans'; font-weight: bold; line-height: 1.3em; color: rgba(0, 0, 0, 0.75); font-size: 22px; padding: 0px 0px 10px; border: 0px; font-variant-numeric: inherit; font-variant-east-asian: inherit; font-stretch: inherit; vertical-align: baseline; letter-spacing: 0.5px; text-transform: uppercase;\">QUELLENANGABEN F\u00dcR DIE VERWENDETEN BILDER UND GRAFIKEN:<\/h2>\n<p style=\"margin-right: 0px; margin-bottom: 1.6em; margin-left: 0px; overflow-wrap: break-word; padding: 0px; border: 0px; font-variant-numeric: inherit; font-variant-east-asian: inherit; font-stretch: inherit; line-height: 1.7em; vertical-align: baseline; word-break: break-word;\"><span class=\"text-alpha\" style=\"font-variant-numeric: inherit; font-variant-east-asian: inherit; font-stretch: inherit; line-height: inherit; overflow-wrap: break-word; margin: 0px; padding: 0px; border: 0px; vertical-align: baseline; word-break: break-word;\" aria-describedby=\"tooltip861189\"> <a href=\"https:\/\/fotolia.com\" style=\"font-variant-numeric: inherit; font-variant-east-asian: inherit; font-stretch: inherit; line-height: inherit; overflow-wrap: break-word; margin: 0px; padding: 0px; border: 0px; vertical-align: baseline; word-break: break-word;\" data-original-title=\"\" title=\"\" aria-describedby=\"tooltip882280\">https:\/\/fotolia.com<br \/>https:\/\/unsplash.com<\/a> <br \/><\/span> <span style=\"border: 0px; font-stretch: inherit; font-variant-east-asian: inherit; font-variant-numeric: inherit; line-height: inherit; margin: 0px; overflow-wrap: break-word; padding: 0px; vertical-align: baseline; word-break: break-word;\"> <span class=\"text-alpha\"> <a href=\"http:\/\/stock.adobe.com\" data-original-title=\"\" title=\"\" aria-describedby=\"tooltip298059\">https:\/\/<\/a> <\/span> <a href=\"http:\/\/stock.adobe.com\" style=\"overflow-wrap: break-word; margin: 0px; padding: 0px; border: 0px; font-variant-numeric: inherit; font-variant-east-asian: inherit; font-stretch: inherit; line-height: inherit; vertical-align: baseline; word-break: break-word;\" data-original-title=\"\" title=\"\" aria-describedby=\"tooltip337538\"> <span class=\"text-alpha\">stock.adobe.com<\/span> <\/a> <\/span> <a href=\"http:\/\/fotolia.com\/\" style=\"overflow-wrap: break-word; margin: 0px; padding: 0px; border: 0px; font-variant-numeric: inherit; font-variant-east-asian: inherit; font-stretch: inherit; line-height: inherit; vertical-align: baseline; word-break: break-word;\"><\/a><\/p>\n<p style=\"margin-right: 0px; margin-bottom: 1.6em; margin-left: 0px; overflow-wrap: break-word; padding: 0px; border: 0px; font-variant-numeric: inherit; font-variant-east-asian: inherit; font-stretch: inherit; line-height: 1.7em; font-family: 'Open Sans', sans-serif; vertical-align: baseline; word-break: break-word; color: rgba(0, 0, 0, 0.5);\"><a href=\"http:\/\/fotolia.com\/\" style=\"color: inherit; overflow-wrap: break-word; margin: 0px; padding: 0px; border: 0px; font: inherit; vertical-align: baseline; word-break: break-word;\"><\/a><\/p>\n<h1 style=\"margin-right: 0px; margin-bottom: 0px; margin-left: 0px; font-family: 'Open Sans'; font-weight: 600; line-height: 1; color: rgba(0, 0, 0, 0.75); font-size: 26px; padding: 0px 0px 40px; border: 0px; font-variant-numeric: inherit; font-variant-east-asian: inherit; font-stretch: inherit; vertical-align: baseline; letter-spacing: 0.5px; text-transform: uppercase;\">HAFTUNGSAUSSCHLUSS (DISCLAIMER)<\/h1>\n<p style=\"margin-right: 0px; margin-bottom: 1.6em; margin-left: 0px; overflow-wrap: break-word; padding: 0px; border: 0px; font-variant-numeric: inherit; font-variant-east-asian: inherit; font-stretch: inherit; line-height: 1.7em; font-family: 'Open Sans', sans-serif; vertical-align: baseline; word-break: break-word; color: rgba(0, 0, 0, 0.5);\"><span style=\"margin: 0px; padding: 0px; border: 0px; font-style: inherit; font-variant: inherit; font-weight: bold; font-stretch: inherit; font-size: inherit; line-height: inherit; font-family: inherit; vertical-align: baseline;\">Haftung f\u00fcr Inhalte<\/span><\/p>\n<p style=\"margin-right: 0px; margin-bottom: 1.6em; margin-left: 0px; overflow-wrap: break-word; padding: 0px; border: 0px; font-variant-numeric: inherit; font-variant-east-asian: inherit; font-stretch: inherit; line-height: 1.7em; font-family: 'Open Sans', sans-serif; vertical-align: baseline; word-break: break-word; color: rgba(0, 0, 0, 0.5);\">Als Diensteanbieter sind wir gem\u00e4\u00df \u00a7 7 Abs.1 TMG f\u00fcr eigene Inhalte auf diesen Seiten nach den allgemeinen Gesetzen verantwortlich. Nach \u00a7\u00a7 8 bis 10 TMG sind wir als Diensteanbieter jedoch nicht verpflichtet, \u00fcbermittelte oder gespeicherte fremde Informationen zu \u00fcberwachen oder nach Umst\u00e4nden zu forschen, die auf eine rechtswidrige T\u00e4tigkeit hinweisen. Verpflichtungen zur Entfernung oder Sperrung der Nutzung von Informationen nach den allgemeinen Gesetzen bleiben hiervon unber\u00fchrt. Eine diesbez\u00fcgliche Haftung ist jedoch erst ab dem Zeitpunkt der Kenntnis einer konkreten Rechtsverletzung m\u00f6glich. Bei Bekanntwerden von entsprechenden Rechtsverletzungen werden wir diese Inhalte umgehend entfernen.<\/p>\n<p style=\"margin-right: 0px; margin-bottom: 1.6em; margin-left: 0px; overflow-wrap: break-word; padding: 0px; border: 0px; font-variant-numeric: inherit; font-variant-east-asian: inherit; font-stretch: inherit; line-height: 1.7em; font-family: 'Open Sans', sans-serif; vertical-align: baseline; word-break: break-word; color: rgba(0, 0, 0, 0.5);\"><span style=\"margin: 0px; padding: 0px; border: 0px; font-style: inherit; font-variant: inherit; font-weight: bold; font-stretch: inherit; font-size: inherit; line-height: inherit; font-family: inherit; vertical-align: baseline;\">Haftung f\u00fcr Links<\/span><\/p>\n<p style=\"margin-right: 0px; margin-bottom: 1.6em; margin-left: 0px; overflow-wrap: break-word; padding: 0px; border: 0px; font-variant-numeric: inherit; font-variant-east-asian: inherit; font-stretch: inherit; line-height: 1.7em; font-family: 'Open Sans', sans-serif; vertical-align: baseline; word-break: break-word; color: rgba(0, 0, 0, 0.5);\">Unser Angebot enth\u00e4lt Links zu externen Webseiten Dritter, auf deren Inhalte wir keinen Einfluss haben. Deshalb k\u00f6nnen wir f\u00fcr diese fremden Inhalte auch keine Gew\u00e4hr \u00fcbernehmen. F\u00fcr die Inhalte der verlinkten Seiten ist stets der jeweilige Anbieter oder Betreiber der Seiten verantwortlich. Die verlinkten Seiten wurden zum Zeitpunkt der Verlinkung auf m\u00f6gliche Rechtsverst\u00f6\u00dfe \u00fcberpr\u00fcft. Rechtswidrige Inhalte waren zum Zeitpunkt der Verlinkung nicht erkennbar. Eine permanente inhaltliche Kontrolle der verlinkten Seiten ist jedoch ohne konkrete Anhaltspunkte einer Rechtsverletzung nicht zumutbar. Bei Bekanntwerden von Rechtsverletzungen werden wir derartige Links umgehend entfernen.<\/p>\n<p style=\"margin-right: 0px; margin-bottom: 1.6em; margin-left: 0px; overflow-wrap: break-word; padding: 0px; border: 0px; font-variant-numeric: inherit; font-variant-east-asian: inherit; font-stretch: inherit; line-height: 1.7em; font-family: 'Open Sans', sans-serif; vertical-align: baseline; word-break: break-word; color: rgba(0, 0, 0, 0.5);\"><span style=\"margin: 0px; padding: 0px; border: 0px; font-style: inherit; font-variant: inherit; font-weight: bold; font-stretch: inherit; font-size: inherit; line-height: inherit; font-family: inherit; vertical-align: baseline;\">Urheberrecht<\/span><\/p>\n<p style=\"margin-right: 0px; margin-bottom: 1.6em; margin-left: 0px; overflow-wrap: break-word; padding: 0px; border: 0px; font-variant-numeric: inherit; font-variant-east-asian: inherit; font-stretch: inherit; line-height: 1.7em; font-family: 'Open Sans', sans-serif; vertical-align: baseline; word-break: break-word; color: rgba(0, 0, 0, 0.5);\">Die durch die Seitenbetreiber erstellten Inhalte und Werke auf diesen Seiten unterliegen dem deutschen Urheberrecht. Die Vervielf\u00e4ltigung, Bearbeitung, Verbreitung und jede Art der Verwertung au\u00dferhalb der Grenzen des Urheberrechtes bed\u00fcrfen der schriftlichen Zustimmung des jeweiligen Autors bzw. Erstellers. Downloads und Kopien dieser Seite sind nur f\u00fcr den privaten, nicht kommerziellen Gebrauch gestattet. Soweit die Inhalte auf dieser Seite nicht vom Betreiber erstellt wurden, werden die Urheberrechte Dritter beachtet. Insbesondere werden Inhalte Dritter als solche gekennzeichnet. Sollten Sie trotzdem auf eine Urheberrechtsverletzung aufmerksam werden, bitten wir um einen entsprechenden Hinweis. Bei Bekanntwerden von Rechtsverletzungen werden wir derartige Inhalte umgehend entfernen.<\/p>\n<p style=\"margin-right: 0px; margin-bottom: 1.6em; margin-left: 0px; overflow-wrap: break-word; padding: 0px; border: 0px; font-variant-numeric: inherit; font-variant-east-asian: inherit; font-stretch: inherit; line-height: 1.7em; font-family: 'Open Sans', sans-serif; vertical-align: baseline; word-break: break-word; color: rgba(0, 0, 0, 0.5);\">\n<p style=\"margin-right: 0px; margin-bottom: 0px; margin-left: 0px; overflow-wrap: break-word; padding: 0px; border: 0px; font-variant-numeric: inherit; font-variant-east-asian: inherit; font-stretch: inherit; line-height: 1.7em; font-family: 'Open Sans', sans-serif; vertical-align: baseline; word-break: break-word; color: rgba(0, 0, 0, 0.5);\">Quelle:\u00a0<em style=\"margin: 0px; padding: 0px; border: 0px; font-variant: inherit; font-weight: inherit; font-stretch: inherit; font-size: inherit; line-height: inherit; font-family: inherit; vertical-align: baseline;\"><a href=\"http:\/\/www.e-recht24.de\/impressum-generator.html\" rel=\"nofollow\" style=\"color: inherit; overflow-wrap: break-word; margin: 0px; padding: 0px; border: 0px; font: inherit; vertical-align: baseline; word-break: break-word;\">http:\/\/www.e-recht24.de<\/a><\/em><\/p>\n<\/div>\n<\/div>\n<\/div>\n<\/section>\n<\/div>\n<p>&nbsp;<\/p>\n<p>&nbsp;<\/p>\n<p>&nbsp;<\/p>\n<p>&nbsp;<\/p>\n<p>&nbsp;<\/p>\n<p><\/main><\/p>\n<p>&nbsp;<\/p>\n<p>&nbsp;<\/p>\n<p>&nbsp;<\/p>\n<p>&nbsp;<\/p>\n<p>&nbsp;<\/p>\n<p>[\/et_pb_text][\/et_pb_column][\/et_pb_row][\/et_pb_section]<\/p>\n","protected":false},"excerpt":{"rendered":"<p>&nbsp; &nbsp; &nbsp; &nbsp; &nbsp; &nbsp; &nbsp; ANGABEN GEM\u00c4SS \u00a7 5 TMG Verein Digitale Normierung e.V.Winden 385298 Scheyern VERTRETEN DURCH: Vorstand: Andreas Neumair KONTAKT: Telefon:+49 8445 929594E-Mail:\u00a0info@myvdn.de REGISTEREINTRAG: Vereinsregister des Amtsgerichts Ingolstadt Vereinsnummer: VR 201121 VERANTWORTLICH F\u00dcR DEN INHALT NACH \u00a7 55 ABS. 2 RSTV: Andreas NeumairWinden 385298 Scheyern QUELLENANGABEN F\u00dcR DIE VERWENDETEN BILDER UND [&hellip;]<\/p>\n","protected":false},"author":1,"featured_media":0,"parent":0,"menu_order":0,"comment_status":"closed","ping_status":"closed","template":"","meta":{"_et_pb_use_builder":"on","_et_pb_old_content":"","_et_gb_content_width":"","footnotes":""},"class_list":["post-136","page","type-page","status-publish","hentry"],"_links":{"self":[{"href":"https:\/\/myvdn.de\/index.php?rest_route=\/wp\/v2\/pages\/136","targetHints":{"allow":["GET"]}}],"collection":[{"href":"https:\/\/myvdn.de\/index.php?rest_route=\/wp\/v2\/pages"}],"about":[{"href":"https:\/\/myvdn.de\/index.php?rest_route=\/wp\/v2\/types\/page"}],"author":[{"embeddable":true,"href":"https:\/\/myvdn.de\/index.php?rest_route=\/wp\/v2\/users\/1"}],"replies":[{"embeddable":true,"href":"https:\/\/myvdn.de\/index.php?rest_route=%2Fwp%2Fv2%2Fcomments&post=136"}],"version-history":[{"count":8,"href":"https:\/\/myvdn.de\/index.php?rest_route=\/wp\/v2\/pages\/136\/revisions"}],"predecessor-version":[{"id":192,"href":"https:\/\/myvdn.de\/index.php?rest_route=\/wp\/v2\/pages\/136\/revisions\/192"}],"wp:attachment":[{"href":"https:\/\/myvdn.de\/index.php?rest_route=%2Fwp%2Fv2%2Fmedia&parent=136"}],"curies":[{"name":"wp","href":"https:\/\/api.w.org\/{rel}","templated":true}]}}